{"id":46250,"date":"2026-03-29T16:07:48","date_gmt":"2026-03-29T16:07:48","guid":{"rendered":"https:\/\/www.alfamparts.com\/index.php\/urun\/manitou-187-8-quick-extre-solideal-lastik-yedek-parca-897360oem\/"},"modified":"2026-03-29T16:07:50","modified_gmt":"2026-03-29T16:07:50","slug":"manitou-187-8-quick-extre-solideal-lastik-yedek-parca-897360oem","status":"publish","type":"product","link":"https:\/\/www.alfamparts.com\/index.php\/urun\/manitou-187-8-quick-extre-solideal-lastik-yedek-parca-897360oem\/","title":{"rendered":"Manitou 18*7-8 QUICK EXTRE SOLIDEAL LAST\u0130K Yedek Par\u00e7a 897360OEM"},"content":{"rendered":"<p>Stok ve Fiyat Bilgisi i\u00e7in Alfam Parts ile ileti\u015fime ge\u00e7iniz. +905379520874<\/p>\n","protected":false},"excerpt":{"rendered":"<p>Orijinal ve muadil Manitou yedek par\u00e7a talepleriniz i\u00e7in Alfam Parts ile ileti\u015fime ge\u00e7iniz. H\u0131zl\u0131 stok ve fiyat bilgisi sunuyoruz.<\/p>\n","protected":false},"featured_media":38785,"comment_status":"open","ping_status":"closed","template":"","meta":[],"product_brand":[],"product_cat":[180],"product_tag":[9637,149,150,151,148,181,156,152,154,153,158,157,9636,155],"class_list":{"0":"post-46250","1":"product","2":"type-product","3":"status-publish","4":"has-post-thumbnail","6":"product_cat-diger-yedek-parcalar","7":"product_tag-187-8-quick-extre-solideal-lastik","8":"product_tag-alfam-avrupa","9":"product_tag-alfam-makina","10":"product_tag-alfam-parts","11":"product_tag-alfamavrupamakina","12":"product_tag-diger-yedek-parcalar","13":"product_tag-is-makinesi-yedek-parca","14":"product_tag-manitou","15":"product_tag-manitou-parca","16":"product_tag-manitou-yedek-parca","17":"product_tag-muadil-yedek-parca","18":"product_tag-orijinal-yedek-parca","19":"product_tag-stok-kodu-897360oem","20":"product_tag-telehandler-yedek-parca","22":"first","23":"instock","24":"shipping-taxable","25":"product-type-simple"},"_links":{"self":[{"href":"https:\/\/www.alfamparts.com\/index.php\/wp-json\/wp\/v2\/product\/46250","targetHints":{"allow":["GET"]}}],"collection":[{"href":"https:\/\/www.alfamparts.com\/index.php\/wp-json\/wp\/v2\/product"}],"about":[{"href":"https:\/\/www.alfamparts.com\/index.php\/wp-json\/wp\/v2\/types\/product"}],"replies":[{"embeddable":true,"href":"https:\/\/www.alfamparts.com\/index.php\/wp-json\/wp\/v2\/comments?post=46250"}],"version-history":[{"count":0,"href":"https:\/\/www.alfamparts.com\/index.php\/wp-json\/wp\/v2\/product\/46250\/revisions"}],"wp:featuredmedia":[{"embeddable":true,"href":"https:\/\/www.alfamparts.com\/index.php\/wp-json\/wp\/v2\/media\/38785"}],"wp:attachment":[{"href":"https:\/\/www.alfamparts.com\/index.php\/wp-json\/wp\/v2\/media?parent=46250"}],"wp:term":[{"taxonomy":"product_brand","embeddable":true,"href":"https:\/\/www.alfamparts.com\/index.php\/wp-json\/wp\/v2\/product_brand?post=46250"},{"taxonomy":"product_cat","embeddable":true,"href":"https:\/\/www.alfamparts.com\/index.php\/wp-json\/wp\/v2\/product_cat?post=46250"},{"taxonomy":"product_tag","embeddable":true,"href":"https:\/\/www.alfamparts.com\/index.php\/wp-json\/wp\/v2\/product_tag?post=46250"}],"curies":[{"name":"wp","href":"https:\/\/api.w.org\/{rel}","templated":true}]}}